{"id":30667,"date":"2020-10-30T11:17:29","date_gmt":"2020-10-30T18:17:29","guid":{"rendered":"https:\/\/www.birranursia.it\/?page_id=30667"},"modified":"2025-02-03T04:57:25","modified_gmt":"2025-02-03T12:57:25","slug":"acquistare","status":"publish","type":"page","link":"https:\/\/www.birranursia.it\/it\/acquistare\/","title":{"rendered":"Acquista"},"content":{"rendered":"<p>[vc_row css_animation=&#8221;&#8221; row_type=&#8221;row&#8221; use_row_as_full_screen_section=&#8221;no&#8221; type=&#8221;grid&#8221; angled_section=&#8221;no&#8221; text_align=&#8221;left&#8221; background_image_as_pattern=&#8221;without_pattern&#8221;][vc_column][vc_tabs style=&#8221;boxed&#8221;][vc_tab title=&#8221;Assaggio e Abbinamento&#8221; tab_id=&#8221;1605197328265-2-3&#8243;][vc_empty_space height=&#8221;50px&#8221;][vc_row_inner row_type=&#8221;row&#8221; type=&#8221;full_width&#8221; text_align=&#8221;left&#8221; css_animation=&#8221;&#8221; el_class=&#8221;notes-pairings&#8221;][vc_column_inner width=&#8221;1\/5&#8243;][vc_single_image image=&#8221;30809&#8243; img_size=&#8221;full&#8221; qode_css_animation=&#8221;&#8221;][\/vc_column_inner][vc_column_inner width=&#8221;2\/5&#8243;][vc_column_text]<\/p>\n<h5>NURSIA BIONDA ALL\u2019ASSAGGIO<\/h5>\n<p>Birra Nursia Bionda \u00e8 una birra dorata e luminosa con una schiuma cremosa, compatta e persistente. Il suo aroma fresco \u00e8 esaltato da sentori di coriandolo e scorza di limone. Con il tempo matura fino a diventare un etereo profumo floreale. Al palato \u00e8 ravvivato dalle note di luppolo e malto. L&#8217;allegra carbonatazione e il finale dolce e secco completano piacevolmente il corpo di questa birra.[\/vc_column_text][\/vc_column_inner][vc_column_inner width=&#8221;2\/5&#8243;][vc_column_text]<\/p>\n<h5>ABBINAMENTO GASTRONOMICO<\/h5>\n<p>Antipasti e primi piatti con formaggi e verdure; sformato di spinaci e ricotta; ravioli di carciofi con fonduta di taleggio; carni bianche cotte al forno. Pizze: Quattro stagioni; pizza bianca con carciofi e prosciutto crudo; pizza bianca con prosciutto cotto, asiago e asparagi.[\/vc_column_text][\/vc_column_inner][\/vc_row_inner][vc_empty_space height=&#8221;50px&#8221;][vc_row_inner row_type=&#8221;row&#8221; type=&#8221;full_width&#8221; text_align=&#8221;left&#8221; css_animation=&#8221;&#8221; el_class=&#8221;notes-pairings&#8221;][vc_column_inner width=&#8221;1\/5&#8243;][vc_single_image image=&#8221;37335&#8243; img_size=&#8221;full&#8221; qode_css_animation=&#8221;&#8221;][\/vc_column_inner][vc_column_inner width=&#8221;2\/5&#8243;][vc_column_text]<\/p>\n<h5>NURSIA TRIPEL ALL\u2019ASSAGGIO<\/h5>\n<p>Birra Nursia Tripel si presenta di colore leggermente ambrato, con riflessi arancioni e una vivace schiuma avorio. L\u2019aroma \u00e8 dominato dall\u2019arancia, con sentori di pera, banana matura e frutta sotto spirito. Al palato si conferma come una birra agrumata e dissetante, che evolve verso note avvolgenti di pane integrale e malto. Un amaro deciso ma bilanciato permane in bocca con discrezione, invogliando ad un altro sorso.[\/vc_column_text][\/vc_column_inner][vc_column_inner width=&#8221;2\/5&#8243;][vc_column_text]<\/p>\n<h5>ABBINAMENTO GASTRONOMICO<\/h5>\n<p>Assaggi di pecorino in varia stagionatura, prosciutto crudo; primi piatti di pasta con sughi ricchi, saporiti o piccanti; salsicce alla brace, cinghiale alla cacciatora; pesce grigliato, frittura di pesce.<br \/>\nPizze: diavola; quattro formaggi; boscaiola.[\/vc_column_text][\/vc_column_inner][\/vc_row_inner][vc_empty_space height=&#8221;50px&#8221;][vc_row_inner row_type=&#8221;row&#8221; type=&#8221;full_width&#8221; text_align=&#8221;left&#8221; css_animation=&#8221;&#8221; el_class=&#8221;notes-pairings&#8221;][vc_column_inner width=&#8221;1\/5&#8243;][vc_single_image image=&#8221;30810&#8243; img_size=&#8221;full&#8221; qode_css_animation=&#8221;&#8221;][\/vc_column_inner][vc_column_inner width=&#8221;2\/5&#8243;][vc_column_text]<\/p>\n<h5>NURSIA EXTRA ALL\u2019ASSAGGIO<\/h5>\n<p>Birra Nursia Extra ha un accattivante tonalit\u00e0 marrone scuro con luminosi riflessi rubino e una schiuma cremosa e spumosa. Il suo aroma \u00e8 caratterizzato da note di lievito fresco, frutti di bosco e frutta a nocciolo, impreziosito da un tocco di cacao. \u00c8 una birra ben strutturata, dominata da sapori maltati con note di caramello e liquore, che completano un finale caldo, secco e pepato.[\/vc_column_text][\/vc_column_inner][vc_column_inner width=&#8221;2\/5&#8243;][vc_column_text]<\/p>\n<h5>ABBINAMENTO GASTRONOMICO<\/h5>\n<p>Selezioni di formaggi a pasta dura; primi piatti con rag\u00f9, salsiccia, speck e selvaggina; carni con gelatina di frutta rossa o torte di frutta secca. Pizze: pizza bianca con funghi salsiccia e crema al tartufo; pizza quattro stagioni con noci.[\/vc_column_text][\/vc_column_inner][\/vc_row_inner][\/vc_tab][vc_tab title=&#8221;Gestione della Birra&#8221; tab_id=&#8221;1458393621286-4-8&#8243;][vc_empty_space height=&#8221;50px&#8221;][vc_column_text el_class=&#8221;more-info-intro&#8221;]<\/p>\n<h3>Alcuni consigli per far s\u00ec che la vostra esperienza con Birra Nursia sia indimenticabile.<\/h3>\n<p>[\/vc_column_text][vc_empty_space height=&#8221;50px&#8221;][vc_row_inner row_type=&#8221;row&#8221; type=&#8221;full_width&#8221; text_align=&#8221;left&#8221; css_animation=&#8221;&#8221; el_class=&#8221;more-info__grid&#8221;][vc_column_inner]<div class='q_icon_with_title very_large custom_icon_image center '><div class=\"icon_holder \" style=\" \"><img decoding=\"async\" itemprop=\"image\" style=\"\" src=\"https:\/\/www.birranursia.it\/wp-content\/uploads\/2020\/11\/beer.svg\" alt=\"\"><\/div><div class=\"icon_text_holder\" style=\"\"><div class=\"icon_text_inner\" style=\"\"><h5 class=\"icon_title\" style=\"\">Conservare in Verticale<\/h5><p style=''>Conservare Birra Nursia in posizione verticale (non sul lato della bottiglia) in un luogo fresco e asciutto o in frigorifero.<\/p><\/div><\/div><\/div><div class='q_icon_with_title very_large custom_icon_image center '><div class=\"icon_holder \" style=\" \"><img decoding=\"async\" itemprop=\"image\" style=\"\" src=\"https:\/\/www.birranursia.it\/wp-content\/uploads\/2020\/11\/shake.svg\" alt=\"\"><\/div><div class=\"icon_text_holder\" style=\"\"><div class=\"icon_text_inner\" style=\"\"><h5 class=\"icon_title\" style=\"\">Non Agitare<\/h5><p style=''>Non agitare o far cadere le bottiglie.<\/p><\/div><\/div><\/div><div class='q_icon_with_title very_large custom_icon_image center '><div class=\"icon_holder \" style=\" \"><img decoding=\"async\" itemprop=\"image\" style=\"\" src=\"https:\/\/www.birranursia.it\/wp-content\/uploads\/2020\/11\/chilled.svg\" alt=\"\"><\/div><div class=\"icon_text_holder\" style=\"\"><div class=\"icon_text_inner\" style=\"\"><h5 class=\"icon_title\" style=\"\">Servire Fredda<\/h5><p style=''>Servire fredda o a 10-12 gradi C.<\/p><\/div><\/div><\/div><div class='q_icon_with_title very_large custom_icon_image center '><div class=\"icon_holder \" style=\" \"><img decoding=\"async\" itemprop=\"image\" style=\"\" src=\"https:\/\/www.birranursia.it\/wp-content\/uploads\/2020\/11\/time.svg\" alt=\"\"><\/div><div class=\"icon_text_holder\" style=\"\"><div class=\"icon_text_inner\" style=\"\"><h5 class=\"icon_title\" style=\"\">Farla Stabilizzare<\/h5><p style=''>Non aprire la birra immediatamente dopo la manipolazione o il trasporto, per evitare che schiumi.<\/p><\/div><\/div><\/div><div class='q_icon_with_title very_large custom_icon_image center '><div class=\"icon_holder \" style=\" \"><img decoding=\"async\" itemprop=\"image\" style=\"\" src=\"https:\/\/www.birranursia.it\/wp-content\/uploads\/2020\/11\/pour.svg\" alt=\"\"><\/div><div class=\"icon_text_holder\" style=\"\"><div class=\"icon_text_inner\" style=\"\"><h5 class=\"icon_title\" style=\"\">Versare Attentamente<\/h5><p style=''>Tenere il bicchiere inclinato mentre si versa la birra.<\/p><\/div><\/div><\/div><div class='q_icon_with_title very_large custom_icon_image center '><div class=\"icon_holder \" style=\" \"><img decoding=\"async\" itemprop=\"image\" style=\"\" src=\"https:\/\/www.birranursia.it\/wp-content\/uploads\/2020\/11\/chalice.svg\" alt=\"\"><\/div><div class=\"icon_text_holder\" style=\"\"><div class=\"icon_text_inner\" style=\"\"><h5 class=\"icon_title\" style=\"\">Schiumatura<\/h5><p style=''>Alcune bottiglie potrebbero gi\u00e0 essere un po\u2019 eccitate, a causa del viaggio in nave, o del viaggio in treno, o della luna. Non preoccupatevi, \u00e8 tutto normale...!<\/p><\/div><\/div><\/div>[\/vc_column_inner][\/vc_row_inner][vc_row_inner row_type=&#8221;row&#8221; type=&#8221;full_width&#8221; text_align=&#8221;left&#8221; css_animation=&#8221;&#8221;][vc_column_inner][vc_empty_space height=&#8221;30px&#8221;][\/vc_column_inner][\/vc_row_inner][vc_row_inner row_type=&#8221;row&#8221; type=&#8221;full_width&#8221; text_align=&#8221;left&#8221; css_animation=&#8221;&#8221; el_class=&#8221;more-info__grid more-info__grid&#8211;warning&#8221;][vc_column_inner]<div class='q_icon_with_title very_large custom_icon_image center '><div class=\"icon_holder \" style=\" \"><img decoding=\"async\" itemprop=\"image\" style=\"\" src=\"https:\/\/www.birranursia.it\/wp-content\/uploads\/2020\/11\/when-opened.svg\" alt=\"\"><\/div><div class=\"icon_text_holder\" style=\"\"><div class=\"icon_text_inner\" style=\"\"><h5 class=\"icon_title\" style=\"\">APERTURA<\/h5><p style=''>Si raccomanda di consumare la birra immediatamente dopo l\u2019apertura per garantire la migliore esperienza possibile. Tuttavia, una volta aperta, la birra pu\u00f2 essere conservata fino a 2 giorni. Assicuratevi di richiudere la birra aperta prima di conservarla.<\/p><\/div><\/div><\/div>[vc_column_text]<\/p>\n<h5 style=\"text-align: left;\">SCADENZA<\/h5>\n<p style=\"text-align: left;\">(Non aperta)<br \/>\nBionda: 2 anni dalla data di imbottigliamento.<br \/>\nTripel: 3 anni dalla data di imbottigliamento.<br \/>\nExtra: 3 anni dalla data di imbottigliamento.<\/p>\n<p>[\/vc_column_text][\/vc_column_inner][\/vc_row_inner][\/vc_tab][vc_tab title=&#8221;Spedizione e Resi&#8221; tab_id=&#8221;7311beac-f102-1&#8243;][vc_empty_space height=&#8221;50px&#8221;][vc_row_inner row_type=&#8221;row&#8221; type=&#8221;full_width&#8221; text_align=&#8221;left&#8221; css_animation=&#8221;&#8221; el_class=&#8221;more-info__grid&#8221;][vc_column_inner]<div class='q_icon_with_title very_large custom_icon_image center '><div class=\"icon_holder \" style=\" \"><img decoding=\"async\" itemprop=\"image\" style=\"\" src=\"https:\/\/www.birranursia.it\/wp-content\/uploads\/2020\/11\/quick.svg\" alt=\"\"><\/div><div class=\"icon_text_holder\" style=\"\"><div class=\"icon_text_inner\" style=\"\"><h5 class=\"icon_title\" style=\"\">Evasione Rapida<\/h5><p style=''>La spedizione viene effettuata in 2-3 giorni lavorativi dalla data dell\u2019ordine<\/p><\/div><\/div><\/div><div class='q_icon_with_title very_large custom_icon_image center '><div class=\"icon_holder \" style=\" \"><img decoding=\"async\" itemprop=\"image\" style=\"\" src=\"https:\/\/www.birranursia.it\/wp-content\/uploads\/2020\/11\/box.svg\" alt=\"\"><\/div><div class=\"icon_text_holder\" style=\"\"><div class=\"icon_text_inner\" style=\"\"><h5 class=\"icon_title\" style=\"\">Imballaggio Sicuro<\/h5><p style=''>Tutte le bottiglie vengono spedite in confezioni che ne preservano l\u2019integrit\u00e0.<\/p><\/div><\/div><\/div><div class='q_icon_with_title very_large custom_icon_image center '><div class=\"icon_holder \" style=\" \"><img decoding=\"async\" itemprop=\"image\" style=\"\" src=\"https:\/\/www.birranursia.it\/wp-content\/uploads\/2020\/11\/tracking.svg\" alt=\"\"><\/div><div class=\"icon_text_holder\" style=\"\"><div class=\"icon_text_inner\" style=\"\"><h5 class=\"icon_title\" style=\"\">Tracciabilit\u00e0 dell'Ordine<\/h5><p style=''>Dopo aver effettuato un ordine, riceverai un\u2019e-mail di conferma contenente i dettagli dell\u2019acquisto. Alla partenza del pacco il corriere ti invier\u00e0 un\u2019e-mail con il link per rintracciare la spedizione.<\/p><\/div><\/div><\/div><div class='q_icon_with_title very_large custom_icon_image center '><div class=\"icon_holder \" style=\" \"><img decoding=\"async\" itemprop=\"image\" style=\"\" src=\"https:\/\/www.birranursia.it\/wp-content\/uploads\/2020\/11\/simple-shipping.svg\" alt=\"\"><\/div><div class=\"icon_text_holder\" style=\"\"><div class=\"icon_text_inner\" style=\"\"><h5 class=\"icon_title\" style=\"\">Spedizione Simplice<\/h5><p style=''>Spedizione a tariffa fissa o gratuita per tutti i prodotti. Vedi qui <\/p><a itemprop='url' class='icon_with_title_link' href='https:\/\/docs.google.com\/spreadsheets\/d\/1nF47DY3THplWj7XR9CyRMqA2RQMG-1Ez1r3OM4vOlxI\/view' target='_blank' style=''>i costi di spedizione.<\/a><\/div><\/div><\/div>[\/vc_column_inner][\/vc_row_inner][vc_column_text el_class=&#8221;terms-conditions&#8221;]<\/p>\n<p style=\"text-align: right;\"><a href=\"https:\/\/staging-birranursiaeu.kinsta.cloud\/it\/spedizione-e-resi\/\"><strong>Termini e condizioni<\/strong><\/a><\/p>\n<p>[\/vc_column_text][\/vc_tab][\/vc_tabs][\/vc_column][\/vc_row][vc_row css_animation=&#8221;&#8221; row_type=&#8221;row&#8221; use_row_as_full_screen_section=&#8221;no&#8221; type=&#8221;full_width&#8221; angled_section=&#8221;no&#8221; text_align=&#8221;left&#8221; background_image_as_pattern=&#8221;without_pattern&#8221;][vc_column][vc_empty_space height=&#8221;50px&#8221;][\/vc_column][\/vc_row]<\/p>\n","protected":false},"excerpt":{"rendered":"<p>[vc_row css_animation=&#8221;&#8221; row_type=&#8221;row&#8221; use_row_as_full_screen_section=&#8221;no&#8221; type=&#8221;grid&#8221; angled_section=&#8221;no&#8221; text_align=&#8221;left&#8221; background_image_as_pattern=&#8221;without_pattern&#8221;][vc_column][vc_tabs style=&#8221;boxed&#8221;][vc_tab title=&#8221;Assaggio e Abbinamento&#8221; tab_id=&#8221;1605197328265-2-3&#8243;][vc_empty_space height=&#8221;50px&#8221;][vc_row_inner row_type=&#8221;row&#8221; type=&#8221;full_width&#8221; text_align=&#8221;left&#8221; css_animation=&#8221;&#8221; el_class=&#8221;notes-pairings&#8221;][vc_column_inner width=&#8221;1\/5&#8243;][vc_single_image image=&#8221;30809&#8243; img_size=&#8221;full&#8221; qode_css_animation=&#8221;&#8221;][\/vc_column_inner][vc_column_inner width=&#8221;2\/5&#8243;][vc_column_text] NURSIA BIONDA ALL\u2019ASSAGGIO Birra Nursia Bionda \u00e8 una birra dorata e luminosa con una schiuma cremosa, compatta e persistente. Il suo&#8230;<\/p>\n","protected":false},"author":1,"featured_media":0,"parent":0,"menu_order":0,"comment_status":"closed","ping_status":"closed","template":"template-purchase.php","meta":{"_acf_changed":false,"inline_featured_image":false,"footnotes":""},"class_list":["post-30667","page","type-page","status-publish","hentry"],"acf":[],"yoast_head":"<!-- This site is optimized with the Yoast SEO plugin v26.3 - https:\/\/yoast.com\/wordpress\/plugins\/seo\/ -->\n<title>Acquista - Birra Nursia<\/title>\n<meta name=\"description\" content=\"Acquista birra, calici e apribottiglie.\" \/>\n<meta name=\"robots\" content=\"index, follow, max-snippet:-1, max-image-preview:large, max-video-preview:-1\" \/>\n<link rel=\"canonical\" href=\"https:\/\/www.birranursia.it\/it\/acquistare\/\" \/>\n<meta property=\"og:locale\" content=\"it_IT\" \/>\n<meta property=\"og:type\" content=\"article\" \/>\n<meta property=\"og:title\" content=\"Acquista - Birra Nursia\" \/>\n<meta property=\"og:description\" content=\"Acquista birra, calici e apribottiglie.\" \/>\n<meta property=\"og:url\" content=\"https:\/\/www.birranursia.it\/it\/acquistare\/\" \/>\n<meta property=\"og:site_name\" content=\"Birra Nursia\" \/>\n<meta property=\"article:modified_time\" content=\"2025-02-03T12:57:25+00:00\" \/>\n<meta property=\"og:image\" content=\"https:\/\/www.birranursia.it\/wp-content\/uploads\/2020\/11\/01-WebGrab-2400-1256@2x.jpg\" \/>\n\t<meta property=\"og:image:width\" content=\"2400\" \/>\n\t<meta property=\"og:image:height\" content=\"1256\" \/>\n\t<meta property=\"og:image:type\" content=\"image\/jpeg\" \/>\n<meta name=\"twitter:card\" content=\"summary_large_image\" \/>\n<meta name=\"twitter:label1\" content=\"Tempo di lettura stimato\" \/>\n\t<meta name=\"twitter:data1\" content=\"4 minuti\" \/>\n<script type=\"application\/ld+json\" class=\"yoast-schema-graph\">{\"@context\":\"https:\/\/schema.org\",\"@graph\":[{\"@type\":\"WebPage\",\"@id\":\"https:\/\/www.birranursia.it\/it\/acquistare\/\",\"url\":\"https:\/\/www.birranursia.it\/it\/acquistare\/\",\"name\":\"Acquista - Birra Nursia\",\"isPartOf\":{\"@id\":\"https:\/\/www.birranursia.it\/it\/#website\"},\"datePublished\":\"2020-10-30T18:17:29+00:00\",\"dateModified\":\"2025-02-03T12:57:25+00:00\",\"description\":\"Acquista birra, calici e apribottiglie.\",\"breadcrumb\":{\"@id\":\"https:\/\/www.birranursia.it\/it\/acquistare\/#breadcrumb\"},\"inLanguage\":\"it-IT\",\"potentialAction\":[{\"@type\":\"ReadAction\",\"target\":[\"https:\/\/www.birranursia.it\/it\/acquistare\/\"]}]},{\"@type\":\"BreadcrumbList\",\"@id\":\"https:\/\/www.birranursia.it\/it\/acquistare\/#breadcrumb\",\"itemListElement\":[{\"@type\":\"ListItem\",\"position\":1,\"name\":\"Home\",\"item\":\"https:\/\/www.birranursia.it\/it\/\"},{\"@type\":\"ListItem\",\"position\":2,\"name\":\"Acquista\"}]},{\"@type\":\"WebSite\",\"@id\":\"https:\/\/www.birranursia.it\/it\/#website\",\"url\":\"https:\/\/www.birranursia.it\/it\/\",\"name\":\"Birra Nursia\",\"description\":\"Ut Laetificet Cor\",\"potentialAction\":[{\"@type\":\"SearchAction\",\"target\":{\"@type\":\"EntryPoint\",\"urlTemplate\":\"https:\/\/www.birranursia.it\/it\/?s={search_term_string}\"},\"query-input\":{\"@type\":\"PropertyValueSpecification\",\"valueRequired\":true,\"valueName\":\"search_term_string\"}}],\"inLanguage\":\"it-IT\"}]}<\/script>\n<!-- \/ Yoast SEO plugin. -->","yoast_head_json":{"title":"Acquista - Birra Nursia","description":"Acquista birra, calici e apribottiglie.","robots":{"index":"index","follow":"follow","max-snippet":"max-snippet:-1","max-image-preview":"max-image-preview:large","max-video-preview":"max-video-preview:-1"},"canonical":"https:\/\/www.birranursia.it\/it\/acquistare\/","og_locale":"it_IT","og_type":"article","og_title":"Acquista - Birra Nursia","og_description":"Acquista birra, calici e apribottiglie.","og_url":"https:\/\/www.birranursia.it\/it\/acquistare\/","og_site_name":"Birra Nursia","article_modified_time":"2025-02-03T12:57:25+00:00","og_image":[{"width":2400,"height":1256,"url":"https:\/\/www.birranursia.it\/wp-content\/uploads\/2020\/11\/01-WebGrab-2400-1256@2x.jpg","type":"image\/jpeg"}],"twitter_card":"summary_large_image","twitter_misc":{"Tempo di lettura stimato":"4 minuti"},"schema":{"@context":"https:\/\/schema.org","@graph":[{"@type":"WebPage","@id":"https:\/\/www.birranursia.it\/it\/acquistare\/","url":"https:\/\/www.birranursia.it\/it\/acquistare\/","name":"Acquista - Birra Nursia","isPartOf":{"@id":"https:\/\/www.birranursia.it\/it\/#website"},"datePublished":"2020-10-30T18:17:29+00:00","dateModified":"2025-02-03T12:57:25+00:00","description":"Acquista birra, calici e apribottiglie.","breadcrumb":{"@id":"https:\/\/www.birranursia.it\/it\/acquistare\/#breadcrumb"},"inLanguage":"it-IT","potentialAction":[{"@type":"ReadAction","target":["https:\/\/www.birranursia.it\/it\/acquistare\/"]}]},{"@type":"BreadcrumbList","@id":"https:\/\/www.birranursia.it\/it\/acquistare\/#breadcrumb","itemListElement":[{"@type":"ListItem","position":1,"name":"Home","item":"https:\/\/www.birranursia.it\/it\/"},{"@type":"ListItem","position":2,"name":"Acquista"}]},{"@type":"WebSite","@id":"https:\/\/www.birranursia.it\/it\/#website","url":"https:\/\/www.birranursia.it\/it\/","name":"Birra Nursia","description":"Ut Laetificet Cor","potentialAction":[{"@type":"SearchAction","target":{"@type":"EntryPoint","urlTemplate":"https:\/\/www.birranursia.it\/it\/?s={search_term_string}"},"query-input":{"@type":"PropertyValueSpecification","valueRequired":true,"valueName":"search_term_string"}}],"inLanguage":"it-IT"}]}},"_links":{"self":[{"href":"https:\/\/www.birranursia.it\/it\/wp-json\/wp\/v2\/pages\/30667","targetHints":{"allow":["GET"]}}],"collection":[{"href":"https:\/\/www.birranursia.it\/it\/wp-json\/wp\/v2\/pages"}],"about":[{"href":"https:\/\/www.birranursia.it\/it\/wp-json\/wp\/v2\/types\/page"}],"author":[{"embeddable":true,"href":"https:\/\/www.birranursia.it\/it\/wp-json\/wp\/v2\/users\/1"}],"replies":[{"embeddable":true,"href":"https:\/\/www.birranursia.it\/it\/wp-json\/wp\/v2\/comments?post=30667"}],"version-history":[{"count":57,"href":"https:\/\/www.birranursia.it\/it\/wp-json\/wp\/v2\/pages\/30667\/revisions"}],"predecessor-version":[{"id":38398,"href":"https:\/\/www.birranursia.it\/it\/wp-json\/wp\/v2\/pages\/30667\/revisions\/38398"}],"wp:attachment":[{"href":"https:\/\/www.birranursia.it\/it\/wp-json\/wp\/v2\/media?parent=30667"}],"curies":[{"name":"wp","href":"https:\/\/api.w.org\/{rel}","templated":true}]}}