{"id":35033,"date":"2021-08-20T09:35:51","date_gmt":"2021-08-20T16:35:51","guid":{"rendered":"https:\/\/www.birranursia.it\/video\/"},"modified":"2021-08-27T06:31:15","modified_gmt":"2021-08-27T13:31:15","slug":"video","status":"publish","type":"page","link":"https:\/\/www.birranursia.it\/it\/video\/","title":{"rendered":"Video"},"content":{"rendered":"<p>Birra Nursia \u00e8 prodotta dai monaci benedettini di Norcia, custodi dell&#8217;eredit\u00e0 spirituale di san Benedetto nella sua citt\u00e0 natale.<\/p>\n","protected":false},"excerpt":{"rendered":"<p>Birra Nursia \u00e8 prodotta dai monaci benedettini di Norcia, custodi dell&#8217;eredit\u00e0 spirituale di san Benedetto nella sua citt\u00e0 natale.<\/p>\n","protected":false},"author":1,"featured_media":0,"parent":0,"menu_order":0,"comment_status":"closed","ping_status":"closed","template":"page-templates\/videos.php","meta":{"_acf_changed":false,"inline_featured_image":false,"footnotes":""},"class_list":["post-35033","page","type-page","status-publish","hentry"],"acf":[],"yoast_head":"<!-- This site is optimized with the Yoast SEO plugin v26.3 - https:\/\/yoast.com\/wordpress\/plugins\/seo\/ -->\n<title>Video - Birra Nursia<\/title>\n<meta name=\"robots\" content=\"index, follow, max-snippet:-1, max-image-preview:large, max-video-preview:-1\" \/>\n<link rel=\"canonical\" href=\"https:\/\/www.birranursia.it\/it\/video\/\" \/>\n<meta property=\"og:locale\" content=\"it_IT\" \/>\n<meta property=\"og:type\" content=\"article\" \/>\n<meta property=\"og:title\" content=\"Video - Birra Nursia\" \/>\n<meta property=\"og:description\" content=\"Birra Nursia \u00e8 prodotta dai monaci benedettini di Norcia, custodi dell&#8217;eredit\u00e0 spirituale di san Benedetto nella sua citt\u00e0 natale.\" \/>\n<meta property=\"og:url\" content=\"https:\/\/www.birranursia.it\/it\/video\/\" \/>\n<meta property=\"og:site_name\" content=\"Birra Nursia\" \/>\n<meta property=\"article:modified_time\" content=\"2021-08-27T13:31:15+00:00\" \/>\n<meta property=\"og:image\" content=\"https:\/\/www.birranursia.it\/wp-content\/uploads\/2020\/11\/01-WebGrab-2400-1256@2x.jpg\" \/>\n\t<meta property=\"og:image:width\" content=\"2400\" \/>\n\t<meta property=\"og:image:height\" content=\"1256\" \/>\n\t<meta property=\"og:image:type\" content=\"image\/jpeg\" \/>\n<meta name=\"twitter:card\" content=\"summary_large_image\" \/>\n<script type=\"application\/ld+json\" class=\"yoast-schema-graph\">{\"@context\":\"https:\/\/schema.org\",\"@graph\":[{\"@type\":\"WebPage\",\"@id\":\"https:\/\/www.birranursia.it\/it\/video\/\",\"url\":\"https:\/\/www.birranursia.it\/it\/video\/\",\"name\":\"Video - Birra Nursia\",\"isPartOf\":{\"@id\":\"https:\/\/www.birranursia.it\/it\/#website\"},\"datePublished\":\"2021-08-20T16:35:51+00:00\",\"dateModified\":\"2021-08-27T13:31:15+00:00\",\"breadcrumb\":{\"@id\":\"https:\/\/www.birranursia.it\/it\/video\/#breadcrumb\"},\"inLanguage\":\"it-IT\",\"potentialAction\":[{\"@type\":\"ReadAction\",\"target\":[\"https:\/\/www.birranursia.it\/it\/video\/\"]}]},{\"@type\":\"BreadcrumbList\",\"@id\":\"https:\/\/www.birranursia.it\/it\/video\/#breadcrumb\",\"itemListElement\":[{\"@type\":\"ListItem\",\"position\":1,\"name\":\"Home\",\"item\":\"https:\/\/www.birranursia.it\/it\/\"},{\"@type\":\"ListItem\",\"position\":2,\"name\":\"Video\"}]},{\"@type\":\"WebSite\",\"@id\":\"https:\/\/www.birranursia.it\/it\/#website\",\"url\":\"https:\/\/www.birranursia.it\/it\/\",\"name\":\"Birra Nursia\",\"description\":\"Ut Laetificet Cor\",\"potentialAction\":[{\"@type\":\"SearchAction\",\"target\":{\"@type\":\"EntryPoint\",\"urlTemplate\":\"https:\/\/www.birranursia.it\/it\/?s={search_term_string}\"},\"query-input\":{\"@type\":\"PropertyValueSpecification\",\"valueRequired\":true,\"valueName\":\"search_term_string\"}}],\"inLanguage\":\"it-IT\"}]}<\/script>\n<!-- \/ Yoast SEO plugin. -->","yoast_head_json":{"title":"Video - Birra Nursia","robots":{"index":"index","follow":"follow","max-snippet":"max-snippet:-1","max-image-preview":"max-image-preview:large","max-video-preview":"max-video-preview:-1"},"canonical":"https:\/\/www.birranursia.it\/it\/video\/","og_locale":"it_IT","og_type":"article","og_title":"Video - Birra Nursia","og_description":"Birra Nursia \u00e8 prodotta dai monaci benedettini di Norcia, custodi dell&#8217;eredit\u00e0 spirituale di san Benedetto nella sua citt\u00e0 natale.","og_url":"https:\/\/www.birranursia.it\/it\/video\/","og_site_name":"Birra Nursia","article_modified_time":"2021-08-27T13:31:15+00:00","og_image":[{"width":2400,"height":1256,"url":"https:\/\/www.birranursia.it\/wp-content\/uploads\/2020\/11\/01-WebGrab-2400-1256@2x.jpg","type":"image\/jpeg"}],"twitter_card":"summary_large_image","schema":{"@context":"https:\/\/schema.org","@graph":[{"@type":"WebPage","@id":"https:\/\/www.birranursia.it\/it\/video\/","url":"https:\/\/www.birranursia.it\/it\/video\/","name":"Video - Birra Nursia","isPartOf":{"@id":"https:\/\/www.birranursia.it\/it\/#website"},"datePublished":"2021-08-20T16:35:51+00:00","dateModified":"2021-08-27T13:31:15+00:00","breadcrumb":{"@id":"https:\/\/www.birranursia.it\/it\/video\/#breadcrumb"},"inLanguage":"it-IT","potentialAction":[{"@type":"ReadAction","target":["https:\/\/www.birranursia.it\/it\/video\/"]}]},{"@type":"BreadcrumbList","@id":"https:\/\/www.birranursia.it\/it\/video\/#breadcrumb","itemListElement":[{"@type":"ListItem","position":1,"name":"Home","item":"https:\/\/www.birranursia.it\/it\/"},{"@type":"ListItem","position":2,"name":"Video"}]},{"@type":"WebSite","@id":"https:\/\/www.birranursia.it\/it\/#website","url":"https:\/\/www.birranursia.it\/it\/","name":"Birra Nursia","description":"Ut Laetificet Cor","potentialAction":[{"@type":"SearchAction","target":{"@type":"EntryPoint","urlTemplate":"https:\/\/www.birranursia.it\/it\/?s={search_term_string}"},"query-input":{"@type":"PropertyValueSpecification","valueRequired":true,"valueName":"search_term_string"}}],"inLanguage":"it-IT"}]}},"_links":{"self":[{"href":"https:\/\/www.birranursia.it\/it\/wp-json\/wp\/v2\/pages\/35033","targetHints":{"allow":["GET"]}}],"collection":[{"href":"https:\/\/www.birranursia.it\/it\/wp-json\/wp\/v2\/pages"}],"about":[{"href":"https:\/\/www.birranursia.it\/it\/wp-json\/wp\/v2\/types\/page"}],"author":[{"embeddable":true,"href":"https:\/\/www.birranursia.it\/it\/wp-json\/wp\/v2\/users\/1"}],"replies":[{"embeddable":true,"href":"https:\/\/www.birranursia.it\/it\/wp-json\/wp\/v2\/comments?post=35033"}],"version-history":[{"count":4,"href":"https:\/\/www.birranursia.it\/it\/wp-json\/wp\/v2\/pages\/35033\/revisions"}],"predecessor-version":[{"id":35090,"href":"https:\/\/www.birranursia.it\/it\/wp-json\/wp\/v2\/pages\/35033\/revisions\/35090"}],"wp:attachment":[{"href":"https:\/\/www.birranursia.it\/it\/wp-json\/wp\/v2\/media?parent=35033"}],"curies":[{"name":"wp","href":"https:\/\/api.w.org\/{rel}","templated":true}]}}